{"id":1139,"date":"2025-08-15T08:32:24","date_gmt":"2025-08-15T07:32:24","guid":{"rendered":"https:\/\/www.msoft.cz\/?page_id=1139"},"modified":"2026-02-01T11:05:22","modified_gmt":"2026-02-01T10:05:22","slug":"spolupracujeme","status":"publish","type":"page","link":"https:\/\/www.msoft.cz\/?page_id=1139","title":{"rendered":"Spolupracujeme"},"content":{"rendered":"\n<h1 class=\"wp-block-heading has-text-align-center\">Spolupracujeme<\/h1>\n\n\n\n<div class=\"wp-block-uagb-container uagb-block-5e82884d alignfull uagb-is-root-container\"><div class=\"uagb-container-inner-blocks-wrap\">\n<div class=\"wp-block-uagb-container uagb-block-ccffbf8c\">\n<p class=\"has-ast-global-color-0-color has-text-color has-link-color has-medium-font-size wp-elements-caa7758fad3a3a51fd0b039fb9e24e3a\">DJ, na kter\u00e9ho se m\u016f\u017eete spolehnout<\/p>\n\n\n\n<div class=\"wp-block-uagb-info-box uagb-block-0bbf934e uagb-infobox__content-wrap  uagb-infobox-icon-above-title uagb-infobox-image-valign-top\"><div class=\"uagb-ifb-content\"><div class=\"uagb-ifb-title-wrap\"><h2 class=\"uagb-ifb-title\">DJ na svatbu<\/h2><\/div><p class=\"uagb-ifb-desc\">DJ na svatbu, kter\u00fd rozjede parket od prvn\u00edho tance a\u017e do r\u00e1na. Hudba na m\u00edru, profi ozvu\u010den\u00ed a elegantn\u00ed sv\u011btla, moderov\u00e1n\u00ed i spln\u011bn\u00e1 p\u0159\u00e1n\u00ed Va\u0161ich host\u016f. Rezervujte term\u00edn \u2013 a\u0165 je Va\u0161e svatba ta, na kterou se bude je\u0161t\u011b dlouho vzpom\u00ednat.<\/p><\/div><\/div>\n\n\n\n<div class=\"wp-block-uagb-container uagb-block-bf044ad5\">\n<div class=\"wp-block-buttons is-layout-flex wp-block-buttons-is-layout-flex\">\n<div class=\"wp-block-button is-style-outline is-style-outline--1\"><a class=\"wp-block-button__link wp-element-button\" href=\"?page_id=34\">Zjisti v\u00edce<\/a><\/div>\n<\/div>\n<\/div>\n<\/div>\n\n\n\n<div class=\"wp-block-uagb-container uagb-block-8ba488e3\">\n<div class=\"wp-block-uagb-image alignright uagb-block-cc340291 wp-block-uagb-image--layout-default wp-block-uagb-image--effect-zoomin wp-block-uagb-image--align-right\"><figure class=\"wp-block-uagb-image__figure\"><a class=\"\" href=\"https:\/\/www.djnasvatbe.cz\/\" target=\"\" rel=\"noopener\"><img decoding=\"async\" srcset=\"https:\/\/www.msoft.cz\/wp-content\/uploads\/2025\/08\/SVATBA-e1755246350411-1024x684.jpg ,https:\/\/www.msoft.cz\/wp-content\/uploads\/2025\/08\/SVATBA-e1755246350411.jpg 780w, https:\/\/www.msoft.cz\/wp-content\/uploads\/2025\/08\/SVATBA-e1755246350411.jpg 360w\" sizes=\"auto, (max-width: 480px) 150px\" src=\"https:\/\/www.msoft.cz\/wp-content\/uploads\/2025\/08\/SVATBA-e1755246350411-1024x684.jpg\" alt=\"\" class=\"uag-image-1145\" width=\"420\" height=\"380\" title=\"SVATBA\" loading=\"lazy\" role=\"img\"\/><\/a><\/figure><\/div>\n<\/div>\n<\/div><\/div>\n\n\n\n<div class=\"wp-block-uagb-container uagb-block-7a832014 alignfull uagb-is-root-container\"><div class=\"uagb-container-inner-blocks-wrap\">\n<div class=\"wp-block-uagb-container uagb-block-d34215e3\">\n<p class=\"has-ast-global-color-0-color has-text-color has-link-color has-medium-font-size wp-elements-e4d9877125ad6f5d8efdef1ce407733c\"><strong>Legendy americk\u00fdch silnic<\/strong><\/p>\n\n\n\n<div class=\"wp-block-uagb-info-box uagb-block-64a96de5 uagb-infobox__content-wrap  uagb-infobox-icon-above-title uagb-infobox-image-valign-top\"><div class=\"uagb-ifb-content\"><div class=\"uagb-ifb-title-wrap\"><h2 class=\"uagb-ifb-title\">Automuzeum Pelechov<\/h2><\/div><p class=\"uagb-ifb-desc\">Automuzeum Pelechov v\u00e1s zve do sv\u011bta automobilov\u00fdch legend \u2013 od pion\u00fdrsk\u00fdch cestovn\u00edch voz\u016f po ikony minul\u00e9ho stolet\u00ed. Uvid\u00edte pe\u010dliv\u011b udr\u017eovanou kolekci historick\u00fdch automobil\u016f, dopln\u011bnou dobov\u00fdmi detaily a poutav\u00fdmi p\u0159\u00edb\u011bhy. Ide\u00e1ln\u00ed v\u00fdlet pro rodiny i nad\u0161ence, kte\u0159\u00ed cht\u011bj\u00ed nas\u00e1t atmosf\u00e9ru star\u00fdch \u010das\u016f. Napl\u00e1nujte si n\u00e1v\u0161t\u011bvu na webu a p\u0159ij\u010fte se \u201esv\u00e9zt\u201c histori\u00ed na vlastn\u00ed o\u010di.<br><br><\/p><\/div><\/div>\n\n\n\n<div class=\"wp-block-uagb-container uagb-block-b1f80495\">\n<div class=\"wp-block-buttons is-layout-flex wp-block-buttons-is-layout-flex\">\n<div class=\"wp-block-button is-style-outline is-style-outline--2\"><a class=\"wp-block-button__link wp-element-button\" href=\"http:\/\/www.automuzeum-pelechov.cz\/\">Zjisti v\u00edce<\/a><\/div>\n<\/div>\n<\/div>\n<\/div>\n\n\n\n<div class=\"wp-block-uagb-container uagb-block-a0583cb9\">\n<div class=\"wp-block-uagb-image alignright uagb-block-5345ed0a wp-block-uagb-image--layout-default wp-block-uagb-image--effect-zoomin wp-block-uagb-image--align-right\"><figure class=\"wp-block-uagb-image__figure\"><a class=\"\" href=\"http:\/\/www.automuzeum-pelechov.cz\/\" target=\"\" rel=\"noopener\"><img decoding=\"async\" srcset=\"https:\/\/www.msoft.cz\/wp-content\/uploads\/2025\/08\/automuzeum-pelechov-e1755246377379-1024x728.jpg ,https:\/\/www.msoft.cz\/wp-content\/uploads\/2025\/08\/automuzeum-pelechov-e1755246377379.jpg 780w, https:\/\/www.msoft.cz\/wp-content\/uploads\/2025\/08\/automuzeum-pelechov-e1755246377379.jpg 360w\" sizes=\"auto, (max-width: 480px) 150px\" src=\"https:\/\/www.msoft.cz\/wp-content\/uploads\/2025\/08\/automuzeum-pelechov-e1755246377379-1024x728.jpg\" alt=\"\" class=\"uag-image-1144\" width=\"420\" height=\"380\" title=\"automuzeum pelechov\" loading=\"lazy\" role=\"img\"\/><\/a><\/figure><\/div>\n<\/div>\n<\/div><\/div>\n","protected":false},"excerpt":{"rendered":"<p>Spolupracujeme DJ, na kter\u00e9ho se m\u016f\u017eete spolehnout Legendy americk\u00fdch silnic<\/p>\n","protected":false},"author":6,"featured_media":0,"parent":0,"menu_order":0,"comment_status":"closed","ping_status":"closed","template":"","meta":{"_uag_custom_page_level_css":"","site-sidebar-layout":"default","site-content-layout":"","ast-site-content-layout":"default","site-content-style":"default","site-sidebar-style":"default","ast-global-header-display":"","ast-banner-title-visibility":"","ast-main-header-display":"","ast-hfb-above-header-display":"","ast-hfb-below-header-display":"","ast-hfb-mobile-header-display":"","site-post-title":"disabled","ast-breadcrumbs-content":"","ast-featured-img":"","footer-sml-layout":"","ast-disable-related-posts":"","theme-transparent-header-meta":"","adv-header-id-meta":"","stick-header-meta":"","header-above-stick-meta":"","header-main-stick-meta":"","header-below-stick-meta":"","astra-migrate-meta-layouts":"default","ast-page-background-enabled":"default","ast-page-background-meta":{"desktop":{"background-color":"var(--ast-global-color-4)","background-image":"","background-repeat":"repeat","background-position":"center center","background-size":"auto","background-attachment":"scroll","background-type":"","background-media":"","overlay-type":"","overlay-color":"","overlay-opacity":"","overlay-gradient":""},"tablet":{"background-color":"","background-image":"","background-repeat":"repeat","background-position":"center center","background-size":"auto","background-attachment":"scroll","background-type":"","background-media":"","overlay-type":"","overlay-color":"","overlay-opacity":"","overlay-gradient":""},"mobile":{"background-color":"","background-image":"","background-repeat":"repeat","background-position":"center center","background-size":"auto","background-attachment":"scroll","background-type":"","background-media":"","overlay-type":"","overlay-color":"","overlay-opacity":"","overlay-gradient":""}},"ast-content-background-meta":{"desktop":{"background-color":"var(--ast-global-color-5)","background-image":"","background-repeat":"repeat","background-position":"center center","background-size":"auto","background-attachment":"scroll","background-type":"","background-media":"","overlay-type":"","overlay-color":"","overlay-opacity":"","overlay-gradient":""},"tablet":{"background-color":"var(--ast-global-color-5)","background-image":"","background-repeat":"repeat","background-position":"center center","background-size":"auto","background-attachment":"scroll","background-type":"","background-media":"","overlay-type":"","overlay-color":"","overlay-opacity":"","overlay-gradient":""},"mobile":{"background-color":"var(--ast-global-color-5)","background-image":"","background-repeat":"repeat","background-position":"center center","background-size":"auto","background-attachment":"scroll","background-type":"","background-media":"","overlay-type":"","overlay-color":"","overlay-opacity":"","overlay-gradient":""}},"footnotes":""},"class_list":["post-1139","page","type-page","status-publish","hentry"],"uagb_featured_image_src":{"full":false,"thumbnail":false,"medium":false,"medium_large":false,"large":false,"1536x1536":false,"2048x2048":false},"uagb_author_info":{"display_name":"Marek Chmela","author_link":"https:\/\/www.msoft.cz\/?author=6"},"uagb_comment_info":0,"uagb_excerpt":"Spolupracujeme DJ, na kter\u00e9ho se m\u016f\u017eete spolehnout Legendy americk\u00fdch silnic","_links":{"self":[{"href":"https:\/\/www.msoft.cz\/index.php?rest_route=\/wp\/v2\/pages\/1139","targetHints":{"allow":["GET"]}}],"collection":[{"href":"https:\/\/www.msoft.cz\/index.php?rest_route=\/wp\/v2\/pages"}],"about":[{"href":"https:\/\/www.msoft.cz\/index.php?rest_route=\/wp\/v2\/types\/page"}],"author":[{"embeddable":true,"href":"https:\/\/www.msoft.cz\/index.php?rest_route=\/wp\/v2\/users\/6"}],"replies":[{"embeddable":true,"href":"https:\/\/www.msoft.cz\/index.php?rest_route=%2Fwp%2Fv2%2Fcomments&post=1139"}],"version-history":[{"count":8,"href":"https:\/\/www.msoft.cz\/index.php?rest_route=\/wp\/v2\/pages\/1139\/revisions"}],"predecessor-version":[{"id":1166,"href":"https:\/\/www.msoft.cz\/index.php?rest_route=\/wp\/v2\/pages\/1139\/revisions\/1166"}],"wp:attachment":[{"href":"https:\/\/www.msoft.cz\/index.php?rest_route=%2Fwp%2Fv2%2Fmedia&parent=1139"}],"curies":[{"name":"wp","href":"https:\/\/api.w.org\/{rel}","templated":true}]}}