{"id":32,"date":"2024-12-17T21:53:39","date_gmt":"2024-12-17T21:53:39","guid":{"rendered":"https:\/\/runekeeper-rossel-q7.zipwp.site\/?page_id=32"},"modified":"2025-04-07T12:48:00","modified_gmt":"2025-04-07T11:48:00","slug":"about","status":"publish","type":"page","link":"https:\/\/www.msoft.cz\/?page_id=32","title":{"rendered":"O n\u00e1s"},"content":{"rendered":"\n<div class=\"wp-block-uagb-container uagb-block-fa2f1646 alignfull uagb-is-root-container\"><div class=\"uagb-container-inner-blocks-wrap\">\n<div data-aos= \"fade-down\" data-aos-duration=\"400\" data-aos-delay=\"0\" data-aos-easing=\"ease\" data-aos-once=\"true\" class=\"wp-block-uagb-advanced-heading uagb-block-d7c7726a\"><h1 class=\"uagb-heading-text\">M\u00edsto, kde se sen stal skute\u010dnost\u00ed<\/h1><\/div>\n<\/div><\/div>\n\n\n\n<div class=\"wp-block-uagb-container uagb-block-f0d8dae7 alignfull uagb-is-root-container\"><div class=\"uagb-container-inner-blocks-wrap\">\n<div class=\"wp-block-uagb-advanced-heading uagb-block-5898a73e\"><h4 class=\"uagb-heading-text\">Toto m\u00edsto nevzniklo p\u0159es noc. Je v\u00fdsledkem siln\u00e9 vize, odvahy a odhodl\u00e1n\u00ed jedn\u00e9 rodiny, kter\u00e1 v\u011b\u0159\u00ed, \u017ee v\u0161e je mo\u017en\u00e9. Na za\u010d\u00e1tku byl sen, vybudovat restauraci v rustik\u00e1ln\u00edm stylu s p\u0159iznanou cihlou, p\u00edskovcem a atmosf\u00e9rou, kter\u00e1 bude von\u011bt histori\u00ed. A pr\u00e1v\u011b tenhle sen se stal z\u00e1kladem cel\u00e9ho projektu.<\/h4><\/div>\n\n\n\n<div class=\"wp-block-uagb-container uagb-block-39f2abd6\">\n<div class=\"wp-block-uagb-advanced-heading uagb-block-4777fb0f\"><p class=\"uagb-desc-text\">Tato unik\u00e1tn\u00ed stavba trvala v\u00edce ne\u017e 20 let. Ka\u017ed\u00fd detail jsme promy\u0161leli, ka\u017ed\u00fd kus materi\u00e1lu m\u00e1 sv\u016fj p\u0159\u00edb\u011bh. N\u00e1bytek, kter\u00fd by jinak skon\u010dil zapomenut\u00fd, jsme pe\u010dliv\u011b vyb\u00edrali v r\u016fzn\u00fdch koutech \u010cesk\u00e9 republiky,  a d\u00edky tomu dostal druh\u00fd \u017eivot. Toto nen\u00ed jen stavba, je to um\u011bleck\u00e9 d\u00edlo, kter\u00e9 se neobe\u0161lo bez poctiv\u00e9 pr\u00e1ce, kter\u00e1 respektuje minulost a z\u00e1rove\u0148 tvo\u0159\u00ed n\u011bco v\u011b\u010dn\u00e9ho.<\/p><\/div>\n\n\n\n<div class=\"wp-block-uagb-advanced-heading uagb-block-933457f2\"><p class=\"uagb-desc-text\">Za cel\u00fdm projektem stoj\u00ed vize jednoho \u010dlov\u011bka, kter\u00fd v\u011b\u0159\u00ed, \u017ee v\u0161echno je mo\u017en\u00e9. Kter\u00fd vid\u00ed v tomto m\u00edst\u011b vid\u00ed v\u00edc ne\u017e jen kousek pozemku, vid\u00ed v n\u011bm prostor pro z\u00e1\u017eitky, vzpom\u00ednky a nezapomenuteln\u00e1 setk\u00e1n\u00ed. Cihly a p\u00edskovec jsou vzpom\u00ednkou na jeho domovinu, a tak nen\u00ed divu, \u017ee se obl\u00edben\u00fd rustik\u00e1ln\u00ed styl postupn\u011b prom\u00edtl i do ubytovac\u00ed \u010d\u00e1sti, ve kter\u00e9 tu dnes najdete 8 apartm\u00e1n\u016f, z nich\u017e ka\u017ed\u00fd nese kousek t\u00e9to jedine\u010dn\u00e9 atmosf\u00e9ry. V ka\u017ed\u00e9m z nich najdete mal\u00fd st\u0159\u00edpek historie, poctivosti a \u00fatulnosti, kter\u00e1 V\u00e1s p\u0159enese do klidn\u011bj\u0161\u00edch \u010das\u016f, a p\u0159ipomene V\u00e1m jak\u00e9 to je jen b\u00fdt.<\/p><\/div>\n<\/div>\n\n\n\n<div class=\"wp-block-uagb-container uagb-block-0df6d70f\">\n<p class=\"has-text-align-center\" style=\"padding-right:0;padding-left:0\">Tento are\u00e1l dnes nen\u00ed jen m\u00edstem pro ubytov\u00e1n\u00ed. Je to prostor, kde se snoub\u00ed pohoda, tradice a lidsk\u00e9 p\u0159\u00edb\u011bhy. Krom\u011b apartm\u00e1n\u016f je zde tak\u00e9 restaurace, venkovn\u00ed bar a s\u00e1l, kter\u00e9 spole\u010dn\u011b tvo\u0159\u00ed ide\u00e1ln\u00ed z\u00e1zem\u00ed pro oslavy, svatby, firemn\u00ed akce i rodinn\u00e9 v\u00edkendy. Ka\u017ed\u00fd kout nese kus du\u0161e t\u011bch, kte\u0159\u00ed ho budovali a pr\u00e1v\u011b to d\u011bl\u00e1 toto m\u00edsto tak vyj\u00edme\u010dn\u00fdm.<\/p>\n<\/div>\n\n\n\n<div class=\"wp-block-uagb-image aligncenter uagb-block-e836451d wp-block-uagb-image--layout-default wp-block-uagb-image--effect-static wp-block-uagb-image--align-center\"><figure class=\"wp-block-uagb-image__figure\"><img decoding=\"async\" srcset=\"https:\/\/www.msoft.cz\/wp-content\/uploads\/2025\/04\/IMG-20250401-WA0010-1024x769.jpg ,https:\/\/www.msoft.cz\/wp-content\/uploads\/2025\/04\/IMG-20250401-WA0010.jpg 780w, https:\/\/www.msoft.cz\/wp-content\/uploads\/2025\/04\/IMG-20250401-WA0010.jpg 360w\" sizes=\"auto, (max-width: 480px) 150px\" src=\"https:\/\/www.msoft.cz\/wp-content\/uploads\/2025\/04\/IMG-20250401-WA0010-1024x769.jpg\" alt=\"\" class=\"uag-image-893\" width=\"1200\" height=\"450\" title=\"IMG-20250401-WA0010\" loading=\"lazy\" role=\"img\"\/><\/figure><\/div>\n\n\n\n<div class=\"wp-block-uagb-container uagb-block-18ea64f8\">\n<div class=\"wp-block-uagb-container uagb-block-a52c36c3\">\n<div class=\"wp-block-uagb-advanced-heading uagb-block-59a5961e\"><h3 class=\"uagb-heading-text\">Rustik\u00e1ln\u00ed styl<\/h3><p class=\"uagb-desc-text\">N\u00e1\u0161 objekt je postaven v autentick\u00e9m rustik\u00e1ln\u00edm stylu, kter\u00fd vyza\u0159uje teplo, tradici a p\u0159\u00edrodn\u00ed kr\u00e1su. Stavba z p\u00e1len\u00fdch cihel a p\u00edskovcov\u00e9ho kamene vytv\u00e1\u0159\u00ed jedine\u010dnou atmosf\u00e9ru venkova, kde se snoub\u00ed historie s \u00fatulnost\u00ed a poctiv\u00fdm \u0159emeslem.<\/p><\/div>\n<\/div>\n\n\n\n<div class=\"wp-block-uagb-container uagb-block-616f99d6\">\n<div class=\"wp-block-uagb-advanced-heading uagb-block-5e9fe326\"><h3 class=\"uagb-heading-text\">Pron\u00e1jem apartm\u00e1n\u016f<\/h3><p class=\"uagb-desc-text\">Nab\u00edz\u00edme stylov\u00e9 a pln\u011b vybaven\u00e9 apartm\u00e1ny k pron\u00e1jmu v klidn\u00e9m prost\u0159ed\u00ed, ide\u00e1ln\u00ed pro odpo\u010dinek i aktivn\u00ed dovolenou. Ka\u017ed\u00fd apartm\u00e1n m\u00e1 vlastn\u00ed kuchy\u0148, koupelnu a venkovn\u00ed posezen\u00ed. Vhodn\u00e9 pro p\u00e1ry, rodiny i skupiny p\u0159\u00e1tel.<\/p><\/div>\n<\/div>\n\n\n\n<div class=\"wp-block-uagb-container uagb-block-8cb0283e\">\n<div class=\"wp-block-uagb-advanced-heading uagb-block-bbc8497f\"><h3 class=\"uagb-heading-text\">Ide\u00e1ln\u00ed m\u00edsto pro V\u00e1s<\/h3><p class=\"uagb-desc-text\">N\u00e1\u0161 are\u00e1l nab\u00edz\u00ed jedine\u010dn\u00e9 propojen\u00ed ubytov\u00e1n\u00ed, venkovn\u00edho baru, restaurace a prostorn\u00e9ho s\u00e1lu. A\u0165 u\u017e pl\u00e1nujete rodinnou oslavu, firemn\u00ed akci, svatbu nebo jen pohodov\u00e9 letn\u00ed posezen\u00ed s p\u0159\u00e1teli, u n\u00e1s m\u00e1te v\u0161e na jednom m\u00edst\u011b. <\/p><\/div>\n<\/div>\n<\/div>\n<\/div><\/div>\n\n\n\n<div class=\"wp-block-uagb-container uagb-block-4b1fef3b alignfull uagb-is-root-container\"><div class=\"uagb-container-inner-blocks-wrap\">\n<div class=\"wp-block-uagb-container uagb-block-013713bc\">\n<div class=\"wp-block-uagb-container uagb-block-633a12ad\">\n<div class=\"wp-block-uagb-image aligncenter uagb-block-d13ed246 wp-block-uagb-image--layout-default wp-block-uagb-image--effect-static wp-block-uagb-image--align-center\"><figure class=\"wp-block-uagb-image__figure\"><img decoding=\"async\" srcset=\"https:\/\/www.msoft.cz\/wp-content\/uploads\/2025\/04\/IMG-20250406-WA0023-1024x768.jpg ,https:\/\/www.msoft.cz\/wp-content\/uploads\/2025\/04\/IMG-20250406-WA0023.jpg 780w, https:\/\/www.msoft.cz\/wp-content\/uploads\/2025\/04\/IMG-20250406-WA0023.jpg 360w\" sizes=\"auto, (max-width: 480px) 150px\" src=\"https:\/\/www.msoft.cz\/wp-content\/uploads\/2025\/04\/IMG-20250406-WA0023-1024x768.jpg\" alt=\"\" class=\"uag-image-1066\" width=\"1200\" height=\"450\" title=\"IMG-20250406-WA0023\" loading=\"lazy\" role=\"img\"\/><\/figure><\/div>\n<\/div>\n<\/div>\n<\/div><\/div>\n\n\n\n<div class=\"wp-block-uagb-container uagb-block-04d37927 alignfull uagb-is-root-container\"><div class=\"uagb-container-inner-blocks-wrap\">\n<div class=\"wp-block-uagb-advanced-heading uagb-block-011348d1\"><h4 class=\"uagb-heading-text\">Na\u0161\u00edm c\u00edlem je zprost\u0159edkovat host\u016fm nezapomenuteln\u00fd pobyt v jedine\u010dn\u00e9m prost\u0159ed\u00ed s n\u00e1dechem rustik\u00e1ln\u00ed doby, kde se snoub\u00ed kouzlo tradice s pohodl\u00edm dne\u0161n\u00ed doby. Chceme, aby si na\u0161i n\u00e1v\u0161t\u011bvn\u00edci u\u017eili nejen klid a pohodu, ale tak\u00e9 radost ze spole\u010dn\u00fdch chvil, kter\u00e9 n\u00e1\u0161 are\u00e1l nab\u00edz\u00ed \u2013 a\u0165 u\u017e p\u0159i posezen\u00ed u ohn\u011b, grilov\u00e1n\u00ed pod \u0161ir\u00fdm nebem nebo odpo\u010dinku pod pergolou.<\/h4><\/div>\n\n\n\n<div class=\"wp-block-uagb-advanced-heading uagb-block-7aaa91e9\"><h4 class=\"uagb-heading-text\">U n\u00e1s si ka\u017ed\u00fd najde to sv\u00e9 \u2013 od romantick\u00fdch ve\u010der\u016f ve dvou, p\u0159es rodinn\u00e9 v\u00fdlety a\u017e po vesel\u00e9 chv\u00edle s p\u0159\u00e1teli. V\u011b\u0159\u00edme, \u017ee pr\u00e1v\u011b atmosf\u00e9ra na\u0161eho are\u00e1lu vytv\u00e1\u0159\u00ed m\u00edsto, kam se budete r\u00e1di vracet.<\/h4><\/div>\n<\/div><\/div>\n\n\n\n<div class=\"wp-block-uagb-container uagb-block-71fea0c9 alignfull uagb-is-root-container\"><div class=\"uagb-container-inner-blocks-wrap\">\n<div class=\"wp-block-uagb-info-box uagb-block-844f8cf1 uagb-infobox__content-wrap  uagb-infobox-icon-above-title uagb-infobox-image-valign-top\"><div class=\"uagb-ifb-content\"><div class=\"uagb-ifb-title-wrap\"><h2 class=\"uagb-ifb-title\">Za\u017eijte kouzlo rustik\u00e1ln\u00ed restaurace<\/h2><\/div><p class=\"uagb-ifb-desc\">Kontaktujte n\u00e1s je\u0161t\u011b dnes a zjist\u011bte v\u00edce o mo\u017enosti uspo\u0159\u00e1dat svou vysn\u011bnou ud\u00e1lost v Green Apartments a vytvo\u0159it si nezapomenuteln\u00e9 vzpom\u00ednky.<\/p><div class=\"uagb-ifb-button-wrapper wp-block-button\"><a href=\"?page_id=34\" class=\"uagb-infobox-cta-link wp-block-button__link\" target=\"_self\" rel=\"noopener noreferrer\" onclick=\"return true;\"><span class=\"uagb-inline-editing\">Rezervace<\/span><\/a><\/div><\/div><\/div>\n<\/div><\/div>\n","protected":false},"excerpt":{"rendered":"<p>M\u00edsto, kde se sen stal skute\u010dnost\u00ed Toto m\u00edsto nevzniklo p\u0159es noc. Je v\u00fdsledkem siln\u00e9 vize, odvahy a odhodl\u00e1n\u00ed jedn\u00e9 rodiny, [&hellip;]<\/p>\n","protected":false},"author":6,"featured_media":0,"parent":0,"menu_order":0,"comment_status":"closed","ping_status":"closed","template":"","meta":{"_uag_custom_page_level_css":"","site-sidebar-layout":"default","site-content-layout":"","ast-site-content-layout":"default","site-content-style":"default","site-sidebar-style":"default","ast-global-header-display":"","ast-banner-title-visibility":"","ast-main-header-display":"","ast-hfb-above-header-display":"","ast-hfb-below-header-display":"","ast-hfb-mobile-header-display":"","site-post-title":"disabled","ast-breadcrumbs-content":"","ast-featured-img":"","footer-sml-layout":"","ast-disable-related-posts":"","theme-transparent-header-meta":"enabled","adv-header-id-meta":"","stick-header-meta":"","header-above-stick-meta":"","header-main-stick-meta":"","header-below-stick-meta":"","astra-migrate-meta-layouts":"","ast-page-background-enabled":"default","ast-page-background-meta":{"desktop":{"background-color":"var(--ast-global-color-4)","background-image":"","background-repeat":"repeat","background-position":"center center","background-size":"auto","background-attachment":"scroll","background-type":"","background-media":"","overlay-type":"","overlay-color":"","overlay-opacity":"","overlay-gradient":""},"tablet":{"background-color":"","background-image":"","background-repeat":"repeat","background-position":"center center","background-size":"auto","background-attachment":"scroll","background-type":"","background-media":"","overlay-type":"","overlay-color":"","overlay-opacity":"","overlay-gradient":""},"mobile":{"background-color":"","background-image":"","background-repeat":"repeat","background-position":"center center","background-size":"auto","background-attachment":"scroll","background-type":"","background-media":"","overlay-type":"","overlay-color":"","overlay-opacity":"","overlay-gradient":""}},"ast-content-background-meta":{"desktop":{"background-color":"var(--ast-global-color-5)","background-image":"","background-repeat":"repeat","background-position":"center center","background-size":"auto","background-attachment":"scroll","background-type":"","background-media":"","overlay-type":"","overlay-color":"","overlay-opacity":"","overlay-gradient":""},"tablet":{"background-color":"var(--ast-global-color-5)","background-image":"","background-repeat":"repeat","background-position":"center center","background-size":"auto","background-attachment":"scroll","background-type":"","background-media":"","overlay-type":"","overlay-color":"","overlay-opacity":"","overlay-gradient":""},"mobile":{"background-color":"var(--ast-global-color-5)","background-image":"","background-repeat":"repeat","background-position":"center center","background-size":"auto","background-attachment":"scroll","background-type":"","background-media":"","overlay-type":"","overlay-color":"","overlay-opacity":"","overlay-gradient":""}},"footnotes":""},"class_list":["post-32","page","type-page","status-publish","hentry"],"uagb_featured_image_src":{"full":false,"thumbnail":false,"medium":false,"medium_large":false,"large":false,"1536x1536":false,"2048x2048":false},"uagb_author_info":{"display_name":"Marek Chmela","author_link":"https:\/\/www.msoft.cz\/?author=6"},"uagb_comment_info":0,"uagb_excerpt":"M\u00edsto, kde se sen stal skute\u010dnost\u00ed Toto m\u00edsto nevzniklo p\u0159es noc. Je v\u00fdsledkem siln\u00e9 vize, odvahy a odhodl\u00e1n\u00ed jedn\u00e9 rodiny, [&hellip;]","_links":{"self":[{"href":"https:\/\/www.msoft.cz\/index.php?rest_route=\/wp\/v2\/pages\/32","targetHints":{"allow":["GET"]}}],"collection":[{"href":"https:\/\/www.msoft.cz\/index.php?rest_route=\/wp\/v2\/pages"}],"about":[{"href":"https:\/\/www.msoft.cz\/index.php?rest_route=\/wp\/v2\/types\/page"}],"author":[{"embeddable":true,"href":"https:\/\/www.msoft.cz\/index.php?rest_route=\/wp\/v2\/users\/6"}],"replies":[{"embeddable":true,"href":"https:\/\/www.msoft.cz\/index.php?rest_route=%2Fwp%2Fv2%2Fcomments&post=32"}],"version-history":[{"count":26,"href":"https:\/\/www.msoft.cz\/index.php?rest_route=\/wp\/v2\/pages\/32\/revisions"}],"predecessor-version":[{"id":1125,"href":"https:\/\/www.msoft.cz\/index.php?rest_route=\/wp\/v2\/pages\/32\/revisions\/1125"}],"wp:attachment":[{"href":"https:\/\/www.msoft.cz\/index.php?rest_route=%2Fwp%2Fv2%2Fmedia&parent=32"}],"curies":[{"name":"wp","href":"https:\/\/api.w.org\/{rel}","templated":true}]}}