{"id":675,"date":"2025-03-11T23:39:33","date_gmt":"2025-03-11T22:39:33","guid":{"rendered":"https:\/\/www.msoft.cz\/?page_id=675"},"modified":"2025-04-07T13:00:26","modified_gmt":"2025-04-07T12:00:26","slug":"apartmany","status":"publish","type":"page","link":"https:\/\/www.msoft.cz\/?page_id=675","title":{"rendered":"Apartm\u00e1ny"},"content":{"rendered":"\n<div class=\"wp-block-uagb-container uagb-block-d5af476c alignfull uagb-is-root-container\"><div class=\"uagb-container-inner-blocks-wrap\">\n<div data-aos= \"fade-down\" data-aos-duration=\"400\" data-aos-delay=\"0\" data-aos-easing=\"ease\" data-aos-once=\"true\" class=\"wp-block-uagb-advanced-heading uagb-block-68c66d81\"><h1 class=\"uagb-heading-text\">Apartm\u00e1ny k pron\u00e1jmu<\/h1><\/div>\n<\/div><\/div>\n\n\n\n<div class=\"wp-block-uagb-container uagb-block-0080c460 alignfull uagb-is-root-container\"><div class=\"uagb-container-inner-blocks-wrap\">\n<div class=\"wp-block-uagb-container uagb-block-b1ab63d3\">\n<div class=\"wp-block-uagb-container uagb-block-32cdcb5b\">\n<div class=\"wp-block-uagb-info-box uagb-block-e4b8ec2a uagb-infobox__content-wrap  uagb-infobox-icon-above-title uagb-infobox-image-valign-top\"><div class=\"uagb-ifb-content\"><div class=\"uagb-ifb-title-wrap\"><h2 class=\"uagb-ifb-title\">Mo\u017enosti are\u00e1lu<\/h2><\/div><p class=\"uagb-ifb-desc\">Prohledn\u011bte si co v\u0161echno objekt Green apartments nab\u00edz\u00ed.<\/p><\/div><\/div>\n\n\n\n<div class=\"wp-block-uagb-container uagb-block-7644ef94\">\n<div class=\"wp-block-buttons is-content-justification-center is-layout-flex wp-container-core-buttons-is-layout-a89b3969 wp-block-buttons-is-layout-flex\">\n<div class=\"wp-block-button is-style-outline is-style-outline--1\"><a class=\"wp-block-button__link has-text-align-center wp-element-button\" href=\"https:\/\/www.msoft.cz\/?page_id=33\">Zjistit v\u00edce&#8230;<\/a><\/div>\n<\/div>\n<\/div>\n<\/div>\n<\/div>\n\n\n\n<div class=\"wp-block-uagb-container uagb-block-5e82884d\">\n<div class=\"wp-block-uagb-container uagb-block-ccffbf8c\">\n<div class=\"wp-block-uagb-advanced-heading uagb-block-93deb4c5\"><div class=\"uagb-heading-text\"><strong>01<\/strong><\/div><\/div>\n\n\n\n<div class=\"wp-block-uagb-info-box uagb-block-0bbf934e uagb-infobox__content-wrap  uagb-infobox-icon-above-title uagb-infobox-image-valign-top\"><div class=\"uagb-ifb-content\"><div class=\"uagb-ifb-title-wrap\"><h2 class=\"uagb-ifb-title\">Apartm\u00e1n Jedni\u010dka<\/h2><\/div><p class=\"uagb-ifb-desc\">\u00datuln\u00fd a pln\u011b vybaven\u00fd apartm\u00e1n o velikosti 24 m\u00b2 nab\u00edz\u00ed v\u0161e, co pot\u0159ebujete pro pohodln\u00fd pobyt. K dispozici je kuchy\u0148sk\u00e1 linka s vlastn\u00ed varnou deskou, lednic\u00ed a mikrovlnkou. Nechyb\u00ed ani televize a bezplatn\u00e9 Wi-Fi p\u0159ipojen\u00ed. Apartm\u00e1n m\u00e1 vlastn\u00ed koupelnu se z\u00e1chodem a pohodlnou man\u017eelskou postel. V teplej\u0161\u00edch dnech ocen\u00edte i venkovn\u00ed posezen\u00ed. Ide\u00e1ln\u00ed pro dv\u011b osoby.<\/p><\/div><\/div>\n\n\n\n<div class=\"wp-block-uagb-container uagb-block-bf044ad5\">\n<div class=\"wp-block-buttons is-layout-flex wp-block-buttons-is-layout-flex\">\n<div class=\"wp-block-button is-style-outline is-style-outline--2\"><a class=\"wp-block-button__link wp-element-button\" href=\"https:\/\/www.msoft.cz\/?page_id=827\">Fotogalerie<\/a><\/div>\n<\/div>\n<\/div>\n<\/div>\n\n\n\n<div class=\"wp-block-uagb-container uagb-block-8ba488e3\">\n<div class=\"wp-block-uagb-image alignright uagb-block-cc340291 wp-block-uagb-image--layout-default wp-block-uagb-image--effect-zoomin wp-block-uagb-image--align-right\"><figure class=\"wp-block-uagb-image__figure\"><a class=\"\" href=\"https:\/\/www.msoft.cz\/?page_id=827\" target=\"\" rel=\"noopener\"><img decoding=\"async\" srcset=\"https:\/\/www.msoft.cz\/wp-content\/uploads\/2025\/04\/IMG_3662-768x1024.jpeg ,https:\/\/www.msoft.cz\/wp-content\/uploads\/2025\/04\/IMG_3662-scaled.jpeg 780w, https:\/\/www.msoft.cz\/wp-content\/uploads\/2025\/04\/IMG_3662-scaled.jpeg 360w\" sizes=\"auto, (max-width: 480px) 150px\" src=\"https:\/\/www.msoft.cz\/wp-content\/uploads\/2025\/04\/IMG_3662-768x1024.jpeg\" alt=\"\" class=\"uag-image-1012\" width=\"420\" height=\"380\" title=\"IMG_3662\" loading=\"lazy\" role=\"img\"\/><\/a><\/figure><\/div>\n<\/div>\n<\/div>\n\n\n\n<div class=\"wp-block-uagb-container uagb-block-b8d5983d\">\n<div class=\"wp-block-uagb-container uagb-block-157091d6\">\n<div class=\"wp-block-uagb-advanced-heading uagb-block-c3fd5276\"><div class=\"uagb-heading-text\">02<\/div><\/div>\n\n\n\n<div class=\"wp-block-uagb-info-box uagb-block-e8caa694 uagb-infobox__content-wrap  uagb-infobox-icon-above-title uagb-infobox-image-valign-top\"><div class=\"uagb-ifb-content\"><div class=\"uagb-ifb-title-wrap\"><h2 class=\"uagb-ifb-title\">Apartm\u00e1n Dvojka<\/h2><\/div><p class=\"uagb-ifb-desc\">Prostorn\u00fd dvoupokojov\u00fd apartm\u00e1n o rozloze 42 m\u00b2 v rustik\u00e1ln\u00edm stylu nab\u00edz\u00ed \u00fatuln\u00e9 ubytov\u00e1n\u00ed s pln\u011b vybavenou kuchyn\u00ed a vlastn\u00edm soci\u00e1ln\u00edm za\u0159\u00edzen\u00edm. V lo\u017enici najdete dv\u011b jednol\u016f\u017ekov\u00e9 postele, kter\u00e9 lze na p\u0159\u00e1n\u00ed spojit, a v ob\u00fdvac\u00ed \u010d\u00e1sti s kuchyn\u00ed je k dispozici p\u0159ist\u00fdlka. Samoz\u0159ejmost\u00ed je televize a bezplatn\u00e9 Wi-Fi p\u0159ipojen\u00ed. V tepl\u00fdch dnech jist\u011b ocen\u00edte venkovn\u00ed posezen\u00ed na terase. Ide\u00e1ln\u00ed pro pohodln\u00fd pobyt v klidn\u00e9m prost\u0159ed\u00ed.<\/p><\/div><\/div>\n\n\n\n<div class=\"wp-block-uagb-container uagb-block-89655f98\">\n<div class=\"wp-block-uagb-container uagb-block-cee5b4bc\">\n<div class=\"wp-block-uagb-container uagb-block-fe976ccc\">\n<div class=\"wp-block-buttons is-layout-flex wp-block-buttons-is-layout-flex\">\n<div class=\"wp-block-button is-style-outline is-style-outline--3\"><a class=\"wp-block-button__link wp-element-button\" href=\"https:\/\/www.msoft.cz\/?page_id=883\">Fotogalerie<\/a><\/div>\n<\/div>\n<\/div>\n<\/div>\n<\/div>\n<\/div>\n\n\n\n<div class=\"wp-block-uagb-container uagb-block-c4237f31\">\n<div class=\"wp-block-uagb-image alignright uagb-block-803c8938 wp-block-uagb-image--layout-default wp-block-uagb-image--effect-zoomin wp-block-uagb-image--align-right\"><figure class=\"wp-block-uagb-image__figure\"><a class=\"\" href=\"https:\/\/www.msoft.cz\/?page_id=883\" target=\"\" rel=\"noopener\"><img decoding=\"async\" srcset=\"https:\/\/www.msoft.cz\/wp-content\/uploads\/2025\/03\/IMG_20230904_110420-1024x768.jpg ,https:\/\/www.msoft.cz\/wp-content\/uploads\/2025\/03\/IMG_20230904_110420-scaled.jpg 780w, https:\/\/www.msoft.cz\/wp-content\/uploads\/2025\/03\/IMG_20230904_110420-scaled.jpg 360w\" sizes=\"auto, (max-width: 480px) 150px\" src=\"https:\/\/www.msoft.cz\/wp-content\/uploads\/2025\/03\/IMG_20230904_110420-1024x768.jpg\" alt=\"\" class=\"uag-image-803\" width=\"420\" height=\"380\" title=\"IMG_20230904_110420\" loading=\"lazy\" role=\"img\"\/><\/a><\/figure><\/div>\n<\/div>\n<\/div>\n\n\n\n<div class=\"wp-block-uagb-container uagb-block-90a553a2\">\n<div class=\"wp-block-uagb-container uagb-block-37f36e4b\">\n<div class=\"wp-block-uagb-advanced-heading uagb-block-b28f09d3\"><div class=\"uagb-heading-text\">03<\/div><\/div>\n\n\n\n<div class=\"wp-block-uagb-info-box uagb-block-6676fa1e uagb-infobox__content-wrap  uagb-infobox-icon-above-title uagb-infobox-image-valign-top\"><div class=\"uagb-ifb-content\"><div class=\"uagb-ifb-title-wrap\"><h2 class=\"uagb-ifb-title\">Apartm\u00e1n Trojka<\/h2><\/div><p class=\"uagb-ifb-desc\">Velk\u00fd a luxusn\u00ed apartm\u00e1n v rustik\u00e1ln\u00edm stylu o rozloze 65 m\u00b2 nab\u00edz\u00ed ve\u0161ker\u00fd komfort pro n\u00e1ro\u010dn\u00e9 hosty. Pln\u011b vybaven\u00e1 kuchyn\u011b zahrnuje my\u010dku n\u00e1dob\u00ed, pra\u010dku i su\u0161i\u010dku. Dominantou prostoru je kamenn\u00fd krb, kter\u00fd navozuje \u00fatulnou atmosf\u00e9ru, a stylov\u00fd ob\u00fdvac\u00ed pokoj s kamenn\u00fdm barem. V prostorn\u00e9 lo\u017enici se nach\u00e1z\u00ed man\u017eelsk\u00e1 postel s mo\u017enost\u00ed p\u0159ist\u00fdlky. Samoz\u0159ejmost\u00ed je televize a bezplatn\u00e9 Wi-Fi p\u0159ipojen\u00ed. Nechyb\u00ed ani venkovn\u00ed posezen\u00ed na soukrom\u00e9 terase, ide\u00e1ln\u00ed pro odpo\u010dinek v jak\u00e9mkoliv ro\u010dn\u00edm obdob\u00ed.<\/p><\/div><\/div>\n\n\n\n<div class=\"wp-block-buttons is-layout-flex wp-block-buttons-is-layout-flex\">\n<div class=\"wp-block-button is-style-outline is-style-outline--4\"><a class=\"wp-block-button__link wp-element-button\" href=\"https:\/\/www.msoft.cz\/?page_id=943\">Fotogalerie<\/a><\/div>\n<\/div>\n<\/div>\n\n\n\n<div class=\"wp-block-uagb-container uagb-block-9f55d59a\">\n<div class=\"wp-block-uagb-image alignright uagb-block-80bcb6b3 wp-block-uagb-image--layout-default wp-block-uagb-image--effect-zoomin wp-block-uagb-image--align-right\"><figure class=\"wp-block-uagb-image__figure\"><a class=\"\" href=\"https:\/\/www.msoft.cz\/?page_id=943\" target=\"\" rel=\"noopener\"><img decoding=\"async\" srcset=\"https:\/\/www.msoft.cz\/wp-content\/uploads\/2025\/04\/IMG_3610-1024x768.jpeg ,https:\/\/www.msoft.cz\/wp-content\/uploads\/2025\/04\/IMG_3610-scaled.jpeg 780w, https:\/\/www.msoft.cz\/wp-content\/uploads\/2025\/04\/IMG_3610-scaled.jpeg 360w\" sizes=\"auto, (max-width: 480px) 150px\" src=\"https:\/\/www.msoft.cz\/wp-content\/uploads\/2025\/04\/IMG_3610-1024x768.jpeg\" alt=\"\" class=\"uag-image-989\" width=\"420\" height=\"380\" title=\"IMG_3610\" loading=\"lazy\" role=\"img\"\/><\/a><\/figure><\/div>\n<\/div>\n<\/div>\n\n\n\n<div class=\"wp-block-uagb-container uagb-block-effb2d16\">\n<div class=\"wp-block-uagb-container uagb-block-76405e07\">\n<div class=\"wp-block-uagb-advanced-heading uagb-block-7de2ab7c\"><div class=\"uagb-heading-text\">04<\/div><\/div>\n\n\n\n<div class=\"wp-block-uagb-info-box uagb-block-3a71f8a9 uagb-infobox__content-wrap  uagb-infobox-icon-above-title uagb-infobox-image-valign-top\"><div class=\"uagb-ifb-content\"><div class=\"uagb-ifb-title-wrap\"><h2 class=\"uagb-ifb-title\">Apartm\u00e1n \u010cty\u0159ka<\/h2><\/div><p class=\"uagb-ifb-desc\">Prostorn\u00fd jednopokojov\u00fd apartm\u00e1n o velikosti 50 m\u00b2 je ide\u00e1ln\u00ed pro a\u017e \u010dty\u0159i hosty. Nab\u00edz\u00ed pohodln\u00e9 span\u00ed na odd\u011blen\u00fdch postel\u00edch a pln\u011b vybavenou kuchy\u0148 s varnou deskou, mikrovlnnou troubou a lednic\u00ed. Samoz\u0159ejmost\u00ed je vlastn\u00ed koupelna. K dispozici je tak\u00e9 televize a bezplatn\u00e9 Wi-Fi p\u0159ipojen\u00ed. V letn\u00edch dnech ocen\u00edte p\u0159\u00edjemn\u00e9 venkovn\u00ed posezen\u00ed pod krytou terasou \u2013 ide\u00e1ln\u00ed m\u00edsto pro odpo\u010dinek po celodenn\u00edm v\u00fdletu.<\/p><\/div><\/div>\n\n\n\n<div class=\"wp-block-uagb-container uagb-block-b15e31ee\">\n<div class=\"wp-block-buttons is-layout-flex wp-block-buttons-is-layout-flex\">\n<div class=\"wp-block-button is-style-outline is-style-outline--5\"><a class=\"wp-block-button__link wp-element-button\" href=\"https:\/\/www.msoft.cz\/?page_id=960\">Fotogalerie<\/a><\/div>\n<\/div>\n<\/div>\n<\/div>\n\n\n\n<div class=\"wp-block-uagb-container uagb-block-6897e0c6\">\n<div class=\"wp-block-uagb-image alignright uagb-block-7f5e632b wp-block-uagb-image--layout-default wp-block-uagb-image--effect-zoomin wp-block-uagb-image--align-right\"><figure class=\"wp-block-uagb-image__figure\"><a class=\"\" href=\"https:\/\/www.msoft.cz\/?page_id=960\" target=\"\" rel=\"noopener\"><img decoding=\"async\" srcset=\"https:\/\/www.msoft.cz\/wp-content\/uploads\/2025\/03\/IMG_20230904_104748-1024x768.jpg ,https:\/\/www.msoft.cz\/wp-content\/uploads\/2025\/03\/IMG_20230904_104748-scaled.jpg 780w, https:\/\/www.msoft.cz\/wp-content\/uploads\/2025\/03\/IMG_20230904_104748-scaled.jpg 360w\" sizes=\"auto, (max-width: 480px) 150px\" src=\"https:\/\/www.msoft.cz\/wp-content\/uploads\/2025\/03\/IMG_20230904_104748-1024x768.jpg\" alt=\"\" class=\"uag-image-792\" width=\"420\" height=\"380\" title=\"IMG_20230904_104748\" loading=\"lazy\" role=\"img\"\/><\/a><\/figure><\/div>\n<\/div>\n<\/div>\n\n\n\n<div class=\"wp-block-uagb-container uagb-block-d63d6318\">\n<div class=\"wp-block-uagb-container uagb-block-5ae8936e\">\n<div class=\"wp-block-uagb-advanced-heading uagb-block-7c05243b\"><div class=\"uagb-heading-text\">05 <\/div><\/div>\n\n\n\n<div class=\"wp-block-uagb-info-box uagb-block-78d4b6e1 uagb-infobox__content-wrap  uagb-infobox-icon-above-title uagb-infobox-image-valign-top\"><div class=\"uagb-ifb-content\"><div class=\"uagb-ifb-title-wrap\"><h2 class=\"uagb-ifb-title\">Apartm\u00e1n P\u011btka &#8211; P\u0159ipravuje se<\/h2><\/div><p class=\"uagb-ifb-desc\">Prostorn\u00fd dvoupokojov\u00fd apartm\u00e1n o rozloze 55 m\u00b2 nab\u00edz\u00ed pln\u011b vybavenou kuchyni a \u00fatuln\u00fd ob\u00fdvac\u00ed prostor s pohodln\u00fdm gau\u010dem, kter\u00fd lze vyu\u017e\u00edt jako p\u0159ist\u00fdlku. Samoz\u0159ejmost\u00ed je televize a bezplatn\u00e9 Wi-Fi p\u0159ipojen\u00ed. Apartm\u00e1n m\u00e1 vlastn\u00ed koupelnu se sprchov\u00fdm koutem a lo\u017enici s man\u017eelskou postel\u00ed. K dispozici je tak\u00e9 venkovn\u00ed posezen\u00ed, ide\u00e1ln\u00ed pro chv\u00edle odpo\u010dinku. Ubytov\u00e1n\u00ed je vhodn\u00e9 pro t\u0159i hosty.<\/p><\/div><\/div>\n\n\n\n<div class=\"wp-block-buttons is-layout-flex wp-block-buttons-is-layout-flex\">\n<div class=\"wp-block-button is-style-outline is-style-outline--6\"><a class=\"wp-block-button__link wp-element-button\">Fotogalerie<\/a><\/div>\n<\/div>\n<\/div>\n\n\n\n<div class=\"wp-block-uagb-container uagb-block-8c139d11\">\n<div class=\"wp-block-uagb-image alignright uagb-block-08f9f235 wp-block-uagb-image--layout-default wp-block-uagb-image--effect-zoomin wp-block-uagb-image--align-right\"><figure class=\"wp-block-uagb-image__figure\"><img decoding=\"async\" srcset=\"https:\/\/www.msoft.cz\/wp-content\/uploads\/2025\/03\/IMG_20230904_105145-1024x768.jpg ,https:\/\/www.msoft.cz\/wp-content\/uploads\/2025\/03\/IMG_20230904_105145-scaled.jpg 780w, https:\/\/www.msoft.cz\/wp-content\/uploads\/2025\/03\/IMG_20230904_105145-scaled.jpg 360w\" sizes=\"auto, (max-width: 480px) 150px\" src=\"https:\/\/www.msoft.cz\/wp-content\/uploads\/2025\/03\/IMG_20230904_105145-1024x768.jpg\" alt=\"\" class=\"uag-image-799\" width=\"420\" height=\"380\" title=\"IMG_20230904_105145\" loading=\"lazy\" role=\"img\"\/><\/figure><\/div>\n<\/div>\n<\/div>\n\n\n\n<div class=\"wp-block-uagb-container uagb-block-9243a300\">\n<div class=\"wp-block-uagb-container uagb-block-fd420cea\">\n<div class=\"wp-block-uagb-advanced-heading uagb-block-1976ab85\"><div class=\"uagb-heading-text\">06<\/div><\/div>\n\n\n\n<div class=\"wp-block-uagb-info-box uagb-block-43e74ee5 uagb-infobox__content-wrap  uagb-infobox-icon-above-title uagb-infobox-image-valign-top\"><div class=\"uagb-ifb-content\"><div class=\"uagb-ifb-title-wrap\"><h2 class=\"uagb-ifb-title\">Apartm\u00e1n \u0160estka<\/h2><\/div><p class=\"uagb-ifb-desc\">Prostorn\u00fd apartm\u00e1n o rozloze 60 m\u00b2 nab\u00edz\u00ed pohodln\u00e9 a stylov\u00e9 ubytov\u00e1n\u00ed s pln\u011b vybavenou kuchyn\u00ed a origin\u00e1ln\u00edm kamenn\u00fdm barem. Ve spac\u00ed \u010d\u00e1sti najdete man\u017eelskou postel, nechyb\u00ed ani vlastn\u00ed koupelna. Ob\u00fdvac\u00ed prostor je za\u0159\u00edzen pohodln\u00fdm gau\u010dem a televiz\u00ed, samoz\u0159ejmost\u00ed je i bezplatn\u00e9 Wi-Fi p\u0159ipojen\u00ed. K apartm\u00e1nu n\u00e1le\u017e\u00ed venkovn\u00ed posezen\u00ed, ide\u00e1ln\u00ed pro relaxaci na \u010derstv\u00e9m vzduchu.<\/p><\/div><\/div>\n\n\n\n<div class=\"wp-block-buttons is-layout-flex wp-block-buttons-is-layout-flex\">\n<div class=\"wp-block-button is-style-outline is-style-outline--7\"><a class=\"wp-block-button__link wp-element-button\" href=\"https:\/\/www.msoft.cz\/?page_id=970\">Fotogalerie<\/a><\/div>\n<\/div>\n<\/div>\n\n\n\n<div class=\"wp-block-uagb-container uagb-block-e90e7423\">\n<div class=\"wp-block-uagb-image alignright uagb-block-b28489c9 wp-block-uagb-image--layout-default wp-block-uagb-image--effect-zoomin wp-block-uagb-image--align-right\"><figure class=\"wp-block-uagb-image__figure\"><a class=\"\" href=\"https:\/\/www.msoft.cz\/?page_id=970\" target=\"\" rel=\"noopener\"><img decoding=\"async\" srcset=\"https:\/\/www.msoft.cz\/wp-content\/uploads\/2025\/03\/IMG_20220514_125111-1024x768.jpg ,https:\/\/www.msoft.cz\/wp-content\/uploads\/2025\/03\/IMG_20220514_125111-scaled.jpg 780w, https:\/\/www.msoft.cz\/wp-content\/uploads\/2025\/03\/IMG_20220514_125111-scaled.jpg 360w\" sizes=\"auto, (max-width: 480px) 150px\" src=\"https:\/\/www.msoft.cz\/wp-content\/uploads\/2025\/03\/IMG_20220514_125111-1024x768.jpg\" alt=\"\" class=\"uag-image-694\" width=\"420\" height=\"380\" title=\"IMG_20220514_125111\" loading=\"lazy\" role=\"img\"\/><\/a><\/figure><\/div>\n<\/div>\n<\/div>\n\n\n\n<div class=\"wp-block-uagb-container uagb-block-8472896f\">\n<div class=\"wp-block-uagb-container uagb-block-a9cb8c0c\">\n<div class=\"wp-block-uagb-advanced-heading uagb-block-5ac290fa\"><div class=\"uagb-heading-text\">07<\/div><\/div>\n\n\n\n<div class=\"wp-block-uagb-info-box uagb-block-967a78fc uagb-infobox__content-wrap  uagb-infobox-icon-above-title uagb-infobox-image-valign-top\"><div class=\"uagb-ifb-content\"><div class=\"uagb-ifb-title-wrap\"><h2 class=\"uagb-ifb-title\">Apartm\u00e1n Sedmi\u010dka<\/h2><\/div><p class=\"uagb-ifb-desc\">Velk\u00fd a luxusn\u00ed dvoupokojov\u00fd apartm\u00e1n o rozloze 75 m\u00b2 nab\u00edz\u00ed komfortn\u00ed z\u00e1zem\u00ed pro v\u00e1\u0161 pobyt. Disponuje samostatnou, pln\u011b vybavenou kuchyn\u00ed s j\u00eddeln\u00edm stolem, ob\u00fdvac\u00edm pokojem s pohodln\u00fdm gau\u010dem a televiz\u00ed, a samoz\u0159ejm\u011b nechyb\u00ed ani bezplatn\u00e9 Wi-Fi p\u0159ipojen\u00ed. Ob\u00fdvac\u00ed \u010d\u00e1st je plynule propojena se spac\u00ed z\u00f3nou, kde se nach\u00e1z\u00ed dvoul\u016f\u017ekov\u00e1 postel s mo\u017enost\u00ed p\u0159ist\u00fdlky. Apartm\u00e1n m\u00e1 vlastn\u00ed koupelnu se sprchov\u00fdm koutem a je vybaven tak\u00e9 pra\u010dkou a su\u0161i\u010dkou. K dispozici je venkovn\u00ed posezen\u00ed pod \u0161ir\u00fdm nebem.<\/p><\/div><\/div>\n\n\n\n<div class=\"wp-block-buttons is-layout-flex wp-block-buttons-is-layout-flex\">\n<div class=\"wp-block-button is-style-outline is-style-outline--8\"><a class=\"wp-block-button__link wp-element-button\" href=\"https:\/\/www.msoft.cz\/?page_id=972\">Fotogalerie<\/a><\/div>\n<\/div>\n<\/div>\n\n\n\n<div class=\"wp-block-uagb-container uagb-block-55d58d67\">\n<div class=\"wp-block-uagb-image alignright uagb-block-beec94ec wp-block-uagb-image--layout-default wp-block-uagb-image--effect-zoomin wp-block-uagb-image--align-right\"><figure class=\"wp-block-uagb-image__figure\"><a class=\"\" href=\"https:\/\/www.msoft.cz\/?page_id=972\" target=\"\" rel=\"noopener\"><img decoding=\"async\" srcset=\"https:\/\/www.msoft.cz\/wp-content\/uploads\/2025\/03\/IMG_20230904_101548-1024x768.jpg ,https:\/\/www.msoft.cz\/wp-content\/uploads\/2025\/03\/IMG_20230904_101548-scaled.jpg 780w, https:\/\/www.msoft.cz\/wp-content\/uploads\/2025\/03\/IMG_20230904_101548-scaled.jpg 360w\" sizes=\"auto, (max-width: 480px) 150px\" src=\"https:\/\/www.msoft.cz\/wp-content\/uploads\/2025\/03\/IMG_20230904_101548-1024x768.jpg\" alt=\"\" class=\"uag-image-781\" width=\"420\" height=\"380\" title=\"bsh\" loading=\"lazy\" role=\"img\"\/><\/a><\/figure><\/div>\n<\/div>\n<\/div>\n\n\n\n<div class=\"wp-block-uagb-container uagb-block-77b08256\">\n<div class=\"wp-block-uagb-container uagb-block-1ed7f87f\">\n<div class=\"wp-block-uagb-advanced-heading uagb-block-2d75ce5d\"><div class=\"uagb-heading-text\">08<\/div><\/div>\n\n\n\n<div class=\"wp-block-uagb-info-box uagb-block-eb8ae535 uagb-infobox__content-wrap  uagb-infobox-icon-above-title uagb-infobox-image-valign-top\"><div class=\"uagb-ifb-content\"><div class=\"uagb-ifb-title-wrap\"><h2 class=\"uagb-ifb-title\">Apartm\u00e1n Osmi\u010dka &#8211; P\u0159ipravuje se<\/h2><\/div><p class=\"uagb-ifb-desc\">Prostorn\u00fd dvoupokojov\u00fd apartm\u00e1n o rozloze 75 m\u00b2 nab\u00edz\u00ed ve\u0161ker\u00fd komfort pro pohodln\u00fd pobyt. Disponuje samostatnou, pln\u011b vybavenou kuchyn\u00ed s j\u00eddeln\u00edm stolem a odd\u011blen\u00fdm ob\u00fdvac\u00edm pokojem s televiz\u00ed, Wi-Fi p\u0159ipojen\u00edm a rozkl\u00e1dac\u00edm gau\u010dem s mo\u017enost\u00ed p\u0159esp\u00e1n\u00ed. V druh\u00e9m pokoji se nach\u00e1z\u00ed dvoul\u016f\u017ekov\u00e1 postel, kterou lze podle pot\u0159eby rozd\u011blit na dv\u011b samostatn\u00e1 l\u016f\u017eka. Samoz\u0159ejmost\u00ed je vlastn\u00ed koupelna s vanou a k dispozici je i pra\u010dka. P\u0159\u00edjemn\u00e9 chv\u00edle si m\u016f\u017eete u\u017e\u00edt na kryt\u00e9m venkovn\u00edm posezen\u00ed.<\/p><\/div><\/div>\n\n\n\n<div class=\"wp-block-buttons is-layout-flex wp-block-buttons-is-layout-flex\">\n<div class=\"wp-block-button is-style-outline is-style-outline--9\"><a class=\"wp-block-button__link wp-element-button\">Fotogalerie<\/a><\/div>\n<\/div>\n<\/div>\n\n\n\n<div class=\"wp-block-uagb-container uagb-block-f3fc39ed\">\n<div class=\"wp-block-uagb-image alignright uagb-block-c7d0fb94 wp-block-uagb-image--layout-default wp-block-uagb-image--effect-zoomin wp-block-uagb-image--align-right\"><figure class=\"wp-block-uagb-image__figure\"><img decoding=\"async\" srcset=\"https:\/\/www.msoft.cz\/wp-content\/uploads\/2025\/03\/IMG_20230904_105145-1024x768.jpg ,https:\/\/www.msoft.cz\/wp-content\/uploads\/2025\/03\/IMG_20230904_105145-scaled.jpg 780w, https:\/\/www.msoft.cz\/wp-content\/uploads\/2025\/03\/IMG_20230904_105145-scaled.jpg 360w\" sizes=\"auto, (max-width: 480px) 150px\" src=\"https:\/\/www.msoft.cz\/wp-content\/uploads\/2025\/03\/IMG_20230904_105145-1024x768.jpg\" alt=\"\" class=\"uag-image-799\" width=\"420\" height=\"380\" title=\"IMG_20230904_105145\" loading=\"lazy\" role=\"img\"\/><\/figure><\/div>\n<\/div>\n<\/div>\n<\/div><\/div>\n\n\n\n<div class=\"wp-block-uagb-container uagb-block-71fea0c9 alignfull uagb-is-root-container\"><div class=\"uagb-container-inner-blocks-wrap\">\n<div class=\"wp-block-uagb-info-box uagb-block-844f8cf1 uagb-infobox__content-wrap  uagb-infobox-icon-above-title uagb-infobox-image-valign-top\"><div class=\"uagb-ifb-content\"><div class=\"uagb-ifb-title-wrap\"><h2 class=\"uagb-ifb-title\">Za\u017eijte kouzlo rustik\u00e1ln\u00ed restaurace<\/h2><\/div><p class=\"uagb-ifb-desc\">Kontaktujte n\u00e1s je\u0161t\u011b dnes a zjist\u011bte v\u00edce o mo\u017enosti uspo\u0159\u00e1dat svou vysn\u011bnou ud\u00e1lost v Green Apartments a vytvo\u0159it si nezapomenuteln\u00e9 vzpom\u00ednky.<\/p><div class=\"uagb-ifb-button-wrapper wp-block-button\"><a href=\"?page_id=34\" class=\"uagb-infobox-cta-link wp-block-button__link\" target=\"_self\" rel=\"noopener noreferrer\" onclick=\"return true;\"><span class=\"uagb-inline-editing\">Rezervace<\/span><\/a><\/div><\/div><\/div>\n<\/div><\/div>\n","protected":false},"excerpt":{"rendered":"<p>Apartm\u00e1ny k pron\u00e1jmu 01 02 03 04 05 06 07 08<\/p>\n","protected":false},"author":6,"featured_media":0,"parent":0,"menu_order":0,"comment_status":"closed","ping_status":"closed","template":"","meta":{"_uag_custom_page_level_css":"","site-sidebar-layout":"default","site-content-layout":"","ast-site-content-layout":"","site-content-style":"default","site-sidebar-style":"default","ast-global-header-display":"","ast-banner-title-visibility":"","ast-main-header-display":"","ast-hfb-above-header-display":"","ast-hfb-below-header-display":"","ast-hfb-mobile-header-display":"","site-post-title":"disabled","ast-breadcrumbs-content":"","ast-featured-img":"","footer-sml-layout":"","ast-disable-related-posts":"","theme-transparent-header-meta":"","adv-header-id-meta":"","stick-header-meta":"","header-above-stick-meta":"","header-main-stick-meta":"","header-below-stick-meta":"","astra-migrate-meta-layouts":"default","ast-page-background-enabled":"default","ast-page-background-meta":{"desktop":{"background-color":"var(--ast-global-color-4)","background-image":"","background-repeat":"repeat","background-position":"center center","background-size":"auto","background-attachment":"scroll","background-type":"","background-media":"","overlay-type":"","overlay-color":"","overlay-opacity":"","overlay-gradient":""},"tablet":{"background-color":"","background-image":"","background-repeat":"repeat","background-position":"center center","background-size":"auto","background-attachment":"scroll","background-type":"","background-media":"","overlay-type":"","overlay-color":"","overlay-opacity":"","overlay-gradient":""},"mobile":{"background-color":"","background-image":"","background-repeat":"repeat","background-position":"center center","background-size":"auto","background-attachment":"scroll","background-type":"","background-media":"","overlay-type":"","overlay-color":"","overlay-opacity":"","overlay-gradient":""}},"ast-content-background-meta":{"desktop":{"background-color":"var(--ast-global-color-5)","background-image":"","background-repeat":"repeat","background-position":"center center","background-size":"auto","background-attachment":"scroll","background-type":"","background-media":"","overlay-type":"","overlay-color":"","overlay-opacity":"","overlay-gradient":""},"tablet":{"background-color":"var(--ast-global-color-5)","background-image":"","background-repeat":"repeat","background-position":"center center","background-size":"auto","background-attachment":"scroll","background-type":"","background-media":"","overlay-type":"","overlay-color":"","overlay-opacity":"","overlay-gradient":""},"mobile":{"background-color":"var(--ast-global-color-5)","background-image":"","background-repeat":"repeat","background-position":"center center","background-size":"auto","background-attachment":"scroll","background-type":"","background-media":"","overlay-type":"","overlay-color":"","overlay-opacity":"","overlay-gradient":""}},"footnotes":""},"class_list":["post-675","page","type-page","status-publish","hentry"],"uagb_featured_image_src":{"full":false,"thumbnail":false,"medium":false,"medium_large":false,"large":false,"1536x1536":false,"2048x2048":false},"uagb_author_info":{"display_name":"Marek Chmela","author_link":"https:\/\/www.msoft.cz\/?author=6"},"uagb_comment_info":0,"uagb_excerpt":"Apartm\u00e1ny k pron\u00e1jmu 01 02 03 04 05 06 07 08","_links":{"self":[{"href":"https:\/\/www.msoft.cz\/index.php?rest_route=\/wp\/v2\/pages\/675","targetHints":{"allow":["GET"]}}],"collection":[{"href":"https:\/\/www.msoft.cz\/index.php?rest_route=\/wp\/v2\/pages"}],"about":[{"href":"https:\/\/www.msoft.cz\/index.php?rest_route=\/wp\/v2\/types\/page"}],"author":[{"embeddable":true,"href":"https:\/\/www.msoft.cz\/index.php?rest_route=\/wp\/v2\/users\/6"}],"replies":[{"embeddable":true,"href":"https:\/\/www.msoft.cz\/index.php?rest_route=%2Fwp%2Fv2%2Fcomments&post=675"}],"version-history":[{"count":31,"href":"https:\/\/www.msoft.cz\/index.php?rest_route=\/wp\/v2\/pages\/675\/revisions"}],"predecessor-version":[{"id":1135,"href":"https:\/\/www.msoft.cz\/index.php?rest_route=\/wp\/v2\/pages\/675\/revisions\/1135"}],"wp:attachment":[{"href":"https:\/\/www.msoft.cz\/index.php?rest_route=%2Fwp%2Fv2%2Fmedia&parent=675"}],"curies":[{"name":"wp","href":"https:\/\/api.w.org\/{rel}","templated":true}]}}